{"id":11,"date":"2026-02-09T19:39:52","date_gmt":"2026-02-09T19:39:52","guid":{"rendered":"http:\/\/www.pionis.pl\/wp\/?page_id=11"},"modified":"2026-02-12T21:38:19","modified_gmt":"2026-02-12T21:38:19","slug":"kontakt","status":"publish","type":"page","link":"http:\/\/www.pionis.pl\/wp\/kontakt\/","title":{"rendered":"Kontakt"},"content":{"rendered":"\n<p>Jeste\u015bmy do Twojej dyspozycji i ch\u0119tnie odpowiemy na wszystkie pytania dotycz\u0105ce instalacji grzewczych.<br>Skontaktuj si\u0119 z nami telefonicznie \u2013 PIOTR , tel. 505 717 444, aby szybko om\u00f3wi\u0107 szczeg\u00f3\u0142y wsp\u00f3\u0142pracy.<br>Jeste\u015bmy r\u00f3wnie\u017c dost\u0119pni poprzez WhatsApp, co pozwala na sprawny i wygodny kontakt.<br>Ka\u017cde zapytanie traktujemy indywidualnie i odpowiadamy w mo\u017cliwie najkr\u00f3tszym czasie.<br>Zaufaj do\u015bwiadczeniu i skontaktuj si\u0119 z nami \u2013 wsp\u00f3lnie dobierzemy najlepsze rozwi\u0105zanie dla Twojego domu lub firmy.<\/p>\n\n\n\n\n\n<p>.<\/p>\n\n\n\n<p><\/p>\n","protected":false},"excerpt":{"rendered":"<p>Jeste\u015bmy do Twojej dyspozycji i ch\u0119tnie odpowiemy na wszystkie pytania dotycz\u0105ce instalacji grzewczych.Skontaktuj si\u0119 z nami telefonicznie \u2013 PIOTR , tel. 505 717 444, aby szybko om\u00f3wi\u0107 szczeg\u00f3\u0142y wsp\u00f3\u0142pracy.Jeste\u015bmy r\u00f3wnie\u017c dost\u0119pni poprzez WhatsApp, co pozwala na sprawny i wygodny kontakt.Ka\u017cde zapytanie traktujemy indywidualnie i odpowiadamy w mo\u017cliwie najkr\u00f3tszym czasie.Zaufaj do\u015bwiadczeniu i skontaktuj si\u0119 z nami &hellip; <\/p>\n<p class=\"link-more\"><a href=\"http:\/\/www.pionis.pl\/wp\/kontakt\/\" class=\"more-link\">Czytaj dalej<span class=\"screen-reader-text\"> \u201eKontakt\u201d<\/span><\/a><\/p>\n","protected":false},"author":1,"featured_media":73,"parent":0,"menu_order":0,"comment_status":"closed","ping_status":"closed","template":"","meta":{"footnotes":""},"class_list":["post-11","page","type-page","status-publish","has-post-thumbnail","hentry"],"_links":{"self":[{"href":"http:\/\/www.pionis.pl\/wp\/wp-json\/wp\/v2\/pages\/11","targetHints":{"allow":["GET"]}}],"collection":[{"href":"http:\/\/www.pionis.pl\/wp\/wp-json\/wp\/v2\/pages"}],"about":[{"href":"http:\/\/www.pionis.pl\/wp\/wp-json\/wp\/v2\/types\/page"}],"author":[{"embeddable":true,"href":"http:\/\/www.pionis.pl\/wp\/wp-json\/wp\/v2\/users\/1"}],"replies":[{"embeddable":true,"href":"http:\/\/www.pionis.pl\/wp\/wp-json\/wp\/v2\/comments?post=11"}],"version-history":[{"count":5,"href":"http:\/\/www.pionis.pl\/wp\/wp-json\/wp\/v2\/pages\/11\/revisions"}],"predecessor-version":[{"id":76,"href":"http:\/\/www.pionis.pl\/wp\/wp-json\/wp\/v2\/pages\/11\/revisions\/76"}],"wp:featuredmedia":[{"embeddable":true,"href":"http:\/\/www.pionis.pl\/wp\/wp-json\/wp\/v2\/media\/73"}],"wp:attachment":[{"href":"http:\/\/www.pionis.pl\/wp\/wp-json\/wp\/v2\/media?parent=11"}],"curies":[{"name":"wp","href":"https:\/\/api.w.org\/{rel}","templated":true}]}}